{"id":3385,"date":"2026-03-20T11:38:30","date_gmt":"2026-03-20T11:38:30","guid":{"rendered":"https:\/\/www.legiomariaeca.org\/?page_id=3385"},"modified":"2026-03-20T19:05:06","modified_gmt":"2026-03-20T19:05:06","slug":"curia-petition-3","status":"publish","type":"page","link":"https:\/\/www.legiomariaeca.org\/vi\/curia-petition-3\/","title":{"rendered":"Curia Petition"},"content":{"rendered":"<h2 class=\"wp-block-heading\"><strong>Ki\u1ebfn Ngh\u1ecb Ch\u00ednh Th\u1ee9c G\u1eedi \u0110\u1ebfn Senatus Los Angeles<\/strong><\/h2>\n\n\n\n<h3 class=\"wp-block-heading\"><strong>L\u1eddi Gi\u1edbi Thi\u1ec7u<\/strong><\/h3>\n\n\n\n<p>B\u1ea3n ki\u1ebfn ngh\u1ecb ch\u00ednh th\u1ee9c n\u00e0y \u0111\u01b0\u1ee3c \u0111\u1ec7 tr\u00ecnh l\u00ean <strong>Senatus of Los Angeles<\/strong>\u0111\u1eb7c bi\u1ec7t g\u1eedi t\u1edbi b\u1ed1n v\u1ecb vi\u00ean ch\u1ee9c ch\u00ednh v\u00e0 Cha Linh Gi\u00e1m Senatus, Cha John. <strong>Spiritual Director, Fr. John<\/strong>.<\/p>\n\n\n\n<p>For <strong>Trong H\u01a1n 3 n\u0103m qua<\/strong>, nhi\u1ec1u y\u00eau c\u1ea7u quan tr\u1ecdng li\u00ean quan \u0111\u1ebfn s\u1ef1 \u1ed5n \u0111\u1ecbnh v\u00e0 minh b\u1ea1ch trong c\u00e1c \u0111\u01a1n v\u1ecb c\u1ee7a ch\u00fang ta v\u1eabn ch\u01b0a \u0111\u01b0\u1ee3c gi\u1ea3i quy\u1ebft. V\u0103n b\u1ea3n n\u00e0y l\u00e0 m\u1ed9t l\u1eddi k\u00eau g\u1ecdi tr\u1ef1c ti\u1ebfp nh\u1eb1m gi\u1ea3i quy\u1ebft nh\u1eefng m\u1ed1i quan t\u00e2m k\u00e9o d\u00e0i n\u00e0y, bao g\u1ed3m s\u1ef1 minh b\u1ea1ch v\u1ec1 t\u00e0i ch\u00ednh v\u00e0 vi\u1ec7c gi\u1eef g\u00ecn s\u1ef1 hi\u1ec7p nh\u1ea5t trong t\u1ed5 ch\u1ee9c. K\u00ednh m\u1eddi to\u00e0n th\u1ec3 h\u1ed9i vi\u00ean xem chi ti\u1ebft b\u1ea3n ki\u1ebfn ngh\u1ecb d\u01b0\u1edbi \u0111\u00e2y \u0111\u1ec3 n\u1eafm r\u00f5 c\u00e1c b\u01b0\u1edbc \u0111ang \u0111\u01b0\u1ee3c th\u1ef1c hi\u1ec7n nh\u1eb1m b\u1ea3o v\u1ec7 s\u1ee9 m\u1ec7nh c\u1ee7a c\u1ed9ng \u0111o\u00e0n ch\u00fang ta.<\/p>\n\n\n\n<div class=\"wp-block-buttons is-layout-flex wp-block-buttons-is-layout-flex\">\n<div class=\"wp-block-button\"><a class=\"wp-block-button__link wp-element-button\" href=\"https:\/\/www.legiomariaeca.org\/curia-petition-2\/\"><strong>View Full Petition Document &#8211; Xem Toa\u0300n V\u0103n Ki\u0301\u00ea\u0301n Nghi\u0323 \u0323(14-Mar-2026)<\/strong> <\/a><\/div>\n<\/div>\n\n\n\n<p><\/p>\n\n\n\n\n\n<p><\/p>","protected":false},"excerpt":{"rendered":"<p>Formal Petition to the Los Angeles Senatus Introduction This formal petition is being submitted to the Senatus of Los Angeles, specifically addressed to the four primary officers and the Spiritual [&hellip;]<\/p>\n","protected":false},"author":1,"featured_media":0,"parent":0,"menu_order":0,"comment_status":"closed","ping_status":"closed","template":"","meta":{"give_campaign_id":0,"_uag_custom_page_level_css":"","site-sidebar-layout":"default","site-content-layout":"","ast-site-content-layout":"default","site-content-style":"default","site-sidebar-style":"default","ast-global-header-display":"","ast-banner-title-visibility":"","ast-main-header-display":"","ast-hfb-above-header-display":"","ast-hfb-below-header-display":"","ast-hfb-mobile-header-display":"","site-post-title":"","ast-breadcrumbs-content":"","ast-featured-img":"","footer-sml-layout":"","ast-disable-related-posts":"","theme-transparent-header-meta":"","adv-header-id-meta":"","stick-header-meta":"","header-above-stick-meta":"","header-main-stick-meta":"","header-below-stick-meta":"","astra-migrate-meta-layouts":"set","ast-page-background-enabled":"default","ast-page-background-meta":{"desktop":{"background-color":"var(--ast-global-color-4)","background-image":"","background-repeat":"repeat","background-position":"center center","background-size":"auto","background-attachment":"scroll","background-type":"","background-media":"","overlay-type":"","overlay-color":"","overlay-opacity":"","overlay-gradient":""},"tablet":{"background-color":"","background-image":"","background-repeat":"repeat","background-position":"center center","background-size":"auto","background-attachment":"scroll","background-type":"","background-media":"","overlay-type":"","overlay-color":"","overlay-opacity":"","overlay-gradient":""},"mobile":{"background-color":"","background-image":"","background-repeat":"repeat","background-position":"center center","background-size":"auto","background-attachment":"scroll","background-type":"","background-media":"","overlay-type":"","overlay-color":"","overlay-opacity":"","overlay-gradient":""}},"ast-content-background-meta":{"desktop":{"background-color":"var(--ast-global-color-5)","background-image":"","background-repeat":"repeat","background-position":"center center","background-size":"auto","background-attachment":"scroll","background-type":"","background-media":"","overlay-type":"","overlay-color":"","overlay-opacity":"","overlay-gradient":""},"tablet":{"background-color":"var(--ast-global-color-5)","background-image":"","background-repeat":"repeat","background-position":"center center","background-size":"auto","background-attachment":"scroll","background-type":"","background-media":"","overlay-type":"","overlay-color":"","overlay-opacity":"","overlay-gradient":""},"mobile":{"background-color":"var(--ast-global-color-5)","background-image":"","background-repeat":"repeat","background-position":"center center","background-size":"auto","background-attachment":"scroll","background-type":"","background-media":"","overlay-type":"","overlay-color":"","overlay-opacity":"","overlay-gradient":""}},"footnotes":""},"class_list":["post-3385","page","type-page","status-publish","hentry"],"aioseo_notices":[],"campaignId":"0","uagb_featured_image_src":{"full":false,"thumbnail":false,"medium":false,"medium_large":false,"large":false,"1536x1536":false,"2048x2048":false,"trp-custom-language-flag":false},"uagb_author_info":{"display_name":"legiomariaeca_n41d05","author_link":"https:\/\/www.legiomariaeca.org\/vi\/author\/legiomariaeca_n41d05\/"},"uagb_comment_info":0,"uagb_excerpt":"Formal Petition to the Los Angeles Senatus Introduction This formal petition is being submitted to the Senatus of Los Angeles, specifically addressed to the four primary officers and the Spiritual [&hellip;]","_links":{"self":[{"href":"https:\/\/www.legiomariaeca.org\/vi\/wp-json\/wp\/v2\/pages\/3385","targetHints":{"allow":["GET"]}}],"collection":[{"href":"https:\/\/www.legiomariaeca.org\/vi\/wp-json\/wp\/v2\/pages"}],"about":[{"href":"https:\/\/www.legiomariaeca.org\/vi\/wp-json\/wp\/v2\/types\/page"}],"author":[{"embeddable":true,"href":"https:\/\/www.legiomariaeca.org\/vi\/wp-json\/wp\/v2\/users\/1"}],"replies":[{"embeddable":true,"href":"https:\/\/www.legiomariaeca.org\/vi\/wp-json\/wp\/v2\/comments?post=3385"}],"version-history":[{"count":10,"href":"https:\/\/www.legiomariaeca.org\/vi\/wp-json\/wp\/v2\/pages\/3385\/revisions"}],"predecessor-version":[{"id":3430,"href":"https:\/\/www.legiomariaeca.org\/vi\/wp-json\/wp\/v2\/pages\/3385\/revisions\/3430"}],"wp:attachment":[{"href":"https:\/\/www.legiomariaeca.org\/vi\/wp-json\/wp\/v2\/media?parent=3385"}],"curies":[{"name":"wp","href":"https:\/\/api.w.org\/{rel}","templated":true}]}}