{"id":3549,"date":"2026-04-21T06:04:35","date_gmt":"2026-04-21T06:04:35","guid":{"rendered":"https:\/\/www.legiomariaeca.org\/?page_id=3549"},"modified":"2026-04-22T10:29:52","modified_gmt":"2026-04-22T10:29:52","slug":"lessons","status":"publish","type":"page","link":"https:\/\/www.legiomariaeca.org\/vi\/prayers\/lessons\/","title":{"rendered":"B\u00e0i h\u1ecdc"},"content":{"rendered":"","protected":true},"excerpt":{"rendered":"","protected":true},"author":1,"featured_media":0,"parent":3542,"menu_order":3,"comment_status":"open","ping_status":"closed","template":"","meta":{"give_campaign_id":0,"_uag_custom_page_level_css":"","site-sidebar-layout":"default","site-content-layout":"","ast-site-content-layout":"default","site-content-style":"default","site-sidebar-style":"default","ast-global-header-display":"","ast-banner-title-visibility":"","ast-main-header-display":"","ast-hfb-above-header-display":"","ast-hfb-below-header-display":"","ast-hfb-mobile-header-display":"","site-post-title":"","ast-breadcrumbs-content":"","ast-featured-img":"","footer-sml-layout":"","ast-disable-related-posts":"","theme-transparent-header-meta":"","adv-header-id-meta":"","stick-header-meta":"","header-above-stick-meta":"","header-main-stick-meta":"","header-below-stick-meta":"","astra-migrate-meta-layouts":"set","ast-page-background-enabled":"default","ast-page-background-meta":{"desktop":{"background-color":"var(--ast-global-color-4)","background-image":"","background-repeat":"repeat","background-position":"center center","background-size":"auto","background-attachment":"scroll","background-type":"","background-media":"","overlay-type":"","overlay-color":"","overlay-opacity":"","overlay-gradient":""},"tablet":{"background-color":"","background-image":"","background-repeat":"repeat","background-position":"center center","background-size":"auto","background-attachment":"scroll","background-type":"","background-media":"","overlay-type":"","overlay-color":"","overlay-opacity":"","overlay-gradient":""},"mobile":{"background-color":"","background-image":"","background-repeat":"repeat","background-position":"center center","background-size":"auto","background-attachment":"scroll","background-type":"","background-media":"","overlay-type":"","overlay-color":"","overlay-opacity":"","overlay-gradient":""}},"ast-content-background-meta":{"desktop":{"background-color":"var(--ast-global-color-5)","background-image":"","background-repeat":"repeat","background-position":"center center","background-size":"auto","background-attachment":"scroll","background-type":"","background-media":"","overlay-type":"","overlay-color":"","overlay-opacity":"","overlay-gradient":""},"tablet":{"background-color":"var(--ast-global-color-5)","background-image":"","background-repeat":"repeat","background-position":"center center","background-size":"auto","background-attachment":"scroll","background-type":"","background-media":"","overlay-type":"","overlay-color":"","overlay-opacity":"","overlay-gradient":""},"mobile":{"background-color":"var(--ast-global-color-5)","background-image":"","background-repeat":"repeat","background-position":"center center","background-size":"auto","background-attachment":"scroll","background-type":"","background-media":"","overlay-type":"","overlay-color":"","overlay-opacity":"","overlay-gradient":""}},"footnotes":""},"class_list":["post-3549","page","type-page","status-publish","post-password-required","hentry"],"aioseo_notices":[],"campaignId":"0","uagb_featured_image_src":{"full":false,"thumbnail":false,"medium":false,"medium_large":false,"large":false,"1536x1536":false,"2048x2048":false,"trp-custom-language-flag":false},"uagb_author_info":{"display_name":"legiomariaeca_n41d05","author_link":"https:\/\/www.legiomariaeca.org\/vi\/author\/legiomariaeca_n41d05\/"},"uagb_comment_info":0,"uagb_excerpt":"Kh\u00f4ng c\u00f3 tr\u00edch d\u1eabn v\u00ec b\u00e0i n\u00e0y \u0111\u01b0\u1ee3c b\u1ea3o v\u1ec7.","_links":{"self":[{"href":"https:\/\/www.legiomariaeca.org\/vi\/wp-json\/wp\/v2\/pages\/3549","targetHints":{"allow":["GET"]}}],"collection":[{"href":"https:\/\/www.legiomariaeca.org\/vi\/wp-json\/wp\/v2\/pages"}],"about":[{"href":"https:\/\/www.legiomariaeca.org\/vi\/wp-json\/wp\/v2\/types\/page"}],"author":[{"embeddable":true,"href":"https:\/\/www.legiomariaeca.org\/vi\/wp-json\/wp\/v2\/users\/1"}],"replies":[{"embeddable":true,"href":"https:\/\/www.legiomariaeca.org\/vi\/wp-json\/wp\/v2\/comments?post=3549"}],"version-history":[{"count":7,"href":"https:\/\/www.legiomariaeca.org\/vi\/wp-json\/wp\/v2\/pages\/3549\/revisions"}],"predecessor-version":[{"id":3563,"href":"https:\/\/www.legiomariaeca.org\/vi\/wp-json\/wp\/v2\/pages\/3549\/revisions\/3563"}],"up":[{"embeddable":true,"href":"https:\/\/www.legiomariaeca.org\/vi\/wp-json\/wp\/v2\/pages\/3542"}],"wp:attachment":[{"href":"https:\/\/www.legiomariaeca.org\/vi\/wp-json\/wp\/v2\/media?parent=3549"}],"curies":[{"name":"wp","href":"https:\/\/api.w.org\/{rel}","templated":true}]}}